{"id":72,"date":"2021-02-18T11:21:16","date_gmt":"2021-02-18T10:21:16","guid":{"rendered":"https:\/\/www.nachbarsprachen-sachsen.eu\/lana\/plsn-pl\/?page_id=72"},"modified":"2021-02-23T11:50:00","modified_gmt":"2021-02-23T10:50:00","slug":"informacje-o-blogu","status":"publish","type":"page","link":"https:\/\/www.nachbarsprachen-sachsen.eu\/lana\/plsn-pl\/informacje-o-blogu\/","title":{"rendered":"Informacje o blogu"},"content":{"rendered":"<p style=\"text-align: left\">Ten polsko-niemiecki blog dokumentuje dzia\u0142ania realizowane w ramach projektu \u201e<a href=\"https:\/\/dodn.dolnyslask.pl\/dzialalnosc\/duzi-i-mali\/\" target=\"_blank\" rel=\"noopener noreferrer\">Gro\u00df und Klein gemeinsam \u2013 Duzi i Mali razem<\/a>\u201e. G\u0142\u00f3wnym celem projektu jest rozwijanie transgranicznej komunikacji i wsp\u00f3\u0142pracy poprzez edukacj\u0119 interkulturow\u0105 i j\u0119zykow\u0105 w wychowaniu przedszkolnym.<\/p>\n<p>\u00a0<\/p>\n\n<p style=\"text-align: left\">Serdecznie zapraszamy do \u015bledzenia na bie\u017c\u0105co informacji dotycz\u0105cych ofert doskonalenia zawodowego nauczycieli przedszkolnych, post\u0119p\u00f3w w dzia\u0142aniach naszej grupy eksperckiej opracowuj\u0105cej dwuj\u0119zyczne materia\u0142y edukacyjne oraz przede wszystkim wsp\u00f3\u0142pracy polsko-niemieckich tandem\u00f3w przedszkolnych. Dlaczego partnerstwa te s\u0105 tak interesuj\u0105ce i mog\u0105 stanowi\u0107 inspiracj\u0119 dla innych plac\u00f3wek?\u00a0<\/p>\n<p>\u00a0<\/p>\n\n<p style=\"text-align: left\">Pi\u0119\u0107 niemieckich przedszkoli oraz pi\u0119\u0107 polskich postanowi\u0142o nawi\u0105za\u0107 kontakt i intensywnie ze sob\u0105 wsp\u00f3\u0142pracowa\u0107, mimo i\u017c spotkania transgraniczne s\u0105 mo\u017cliwe jedynie w ograniczonym zakresie. Przyczyn nale\u017cy tutaj szuka\u0107 nie tylko w obecnej sytuacji pandemicznej, lecz r\u00f3wnie\u017c w brakuj\u0105cych zasobach finansowych i osobowych przedszkoli oraz w braku kompetencji j\u0119zykowych nauczycieli. Tak\u017ce odleg\u0142o\u015b\u0107 od granicy jest cz\u0119sto praktyczn\u0105 przeszkod\u0105 dla spotka\u0144 dzieci. W ramach projektu zostan\u0105 wsp\u00f3lnie wypracowane i wypr\u00f3bowane nowe metody, kt\u00f3re umo\u017cliwi\u0105 spotkanie z krajem s\u0105siada i wsp\u00f3lne aktywno\u015bci przy redukcji nak\u0142ad\u00f3w zwi\u0105zanych z wzajemnymi wizytami.<\/p>\n<p>\u00a0<\/p>\n\n\n<hr class=\"wp-block-separator\" \/>\n\n\n<p style=\"text-align: left\"><em>Projekt finansowany jest ze \u015brodk\u00f3w Europejskiego Funduszu Rozwoju Regionalnego w ramach Programu Wsp\u00f3\u0142pracy\u00a0<a href=\"https:\/\/pl.plsn.eu\/\" target=\"_blank\" rel=\"noopener noreferrer\">INTERREG Polska-Saksonia 2014-2020<\/a>\u00a0oraz ze \u015brodk\u00f3w\u00a0<a href=\"https:\/\/umwd.dolnyslask.pl\/\" target=\"_blank\" rel=\"noopener noreferrer\">Samorz\u0105du Wojew\u00f3dztwa Dolno\u015bl\u0105skiego<\/a>\u00a0i\u00a0<a href=\"https:\/\/www.kreis-goerlitz.de\/city_info\/webaccessibility\/index.cfm?waid=390\" target=\"_blank\" rel=\"noopener noreferrer\">Powiatu G\u00f6rlitz<\/a>.<\/em><\/p>","protected":false},"excerpt":{"rendered":"<p>Ten polsko-niemiecki blog dokumentuje dzia\u0142ania realizowane w ramach projektu \u201eGro\u00df und Klein gemeinsam \u2013 Duzi i Mali razem\u201e. G\u0142\u00f3wnym celem<\/p>\n<div class=\"border bottom-border text-center\">\n\t <a class=\"readmore\" href=\"https:\/\/www.nachbarsprachen-sachsen.eu\/lana\/plsn-pl\/informacje-o-blogu\/\">Read More<\/a>\n\t  <\/div>\n","protected":false},"author":1,"featured_media":0,"parent":0,"menu_order":0,"comment_status":"closed","ping_status":"closed","template":"","meta":{"footnotes":""},"class_list":["post-72","page","type-page","status-publish","hentry"],"yoast_head":"<!-- This site is optimized with the Yoast SEO plugin v26.9 - https:\/\/yoast.com\/product\/yoast-seo-wordpress\/ -->\n<title>Informacje o blogu - Duzi i Mali razem<\/title>\n<meta name=\"robots\" content=\"noindex, follow, max-snippet:-1, max-image-preview:large, max-video-preview:-1\" \/>\n<meta property=\"og:locale\" content=\"pl_PL\" \/>\n<meta property=\"og:type\" content=\"article\" \/>\n<meta property=\"og:title\" content=\"Informacje o blogu - Duzi i Mali razem\" \/>\n<meta property=\"og:description\" content=\"Ten polsko-niemiecki blog dokumentuje dzia\u0142ania realizowane w ramach projektu \u201eGro\u00df und Klein gemeinsam \u2013 Duzi i Mali razem\u201e. G\u0142\u00f3wnym celem  Read More\" \/>\n<meta property=\"og:url\" content=\"https:\/\/www.nachbarsprachen-sachsen.eu\/lana\/plsn-pl\/informacje-o-blogu\/\" \/>\n<meta property=\"og:site_name\" content=\"Duzi i Mali razem\" \/>\n<meta property=\"article:modified_time\" content=\"2021-02-23T10:50:00+00:00\" \/>\n<meta name=\"twitter:card\" content=\"summary_large_image\" \/>\n<meta name=\"twitter:label1\" content=\"Szacowany czas czytania\" \/>\n\t<meta name=\"twitter:data1\" content=\"1 minuta\" \/>\n<script type=\"application\/ld+json\" class=\"yoast-schema-graph\">{\"@context\":\"https:\/\/schema.org\",\"@graph\":[{\"@type\":\"WebPage\",\"@id\":\"https:\/\/www.nachbarsprachen-sachsen.eu\/lana\/plsn-pl\/informacje-o-blogu\/\",\"url\":\"https:\/\/www.nachbarsprachen-sachsen.eu\/lana\/plsn-pl\/informacje-o-blogu\/\",\"name\":\"Informacje o blogu - Duzi i Mali razem\",\"isPartOf\":{\"@id\":\"https:\/\/www.nachbarsprachen-sachsen.eu\/lana\/plsn-pl\/#website\"},\"datePublished\":\"2021-02-18T10:21:16+00:00\",\"dateModified\":\"2021-02-23T10:50:00+00:00\",\"breadcrumb\":{\"@id\":\"https:\/\/www.nachbarsprachen-sachsen.eu\/lana\/plsn-pl\/informacje-o-blogu\/#breadcrumb\"},\"inLanguage\":\"pl-PL\",\"potentialAction\":[{\"@type\":\"ReadAction\",\"target\":[\"https:\/\/www.nachbarsprachen-sachsen.eu\/lana\/plsn-pl\/informacje-o-blogu\/\"]}]},{\"@type\":\"BreadcrumbList\",\"@id\":\"https:\/\/www.nachbarsprachen-sachsen.eu\/lana\/plsn-pl\/informacje-o-blogu\/#breadcrumb\",\"itemListElement\":[{\"@type\":\"ListItem\",\"position\":1,\"name\":\"Startseite\",\"item\":\"https:\/\/www.nachbarsprachen-sachsen.eu\/lana\/plsn-pl\/\"},{\"@type\":\"ListItem\",\"position\":2,\"name\":\"Informacje o blogu\"}]},{\"@type\":\"WebSite\",\"@id\":\"https:\/\/www.nachbarsprachen-sachsen.eu\/lana\/plsn-pl\/#website\",\"url\":\"https:\/\/www.nachbarsprachen-sachsen.eu\/lana\/plsn-pl\/\",\"name\":\"Duzi i Mali razem\",\"description\":\"\",\"potentialAction\":[{\"@type\":\"SearchAction\",\"target\":{\"@type\":\"EntryPoint\",\"urlTemplate\":\"https:\/\/www.nachbarsprachen-sachsen.eu\/lana\/plsn-pl\/?s={search_term_string}\"},\"query-input\":{\"@type\":\"PropertyValueSpecification\",\"valueRequired\":true,\"valueName\":\"search_term_string\"}}],\"inLanguage\":\"pl-PL\"}]}<\/script>\n<!-- \/ Yoast SEO plugin. -->","yoast_head_json":{"title":"Informacje o blogu - Duzi i Mali razem","robots":{"index":"noindex","follow":"follow","max-snippet":"max-snippet:-1","max-image-preview":"max-image-preview:large","max-video-preview":"max-video-preview:-1"},"og_locale":"pl_PL","og_type":"article","og_title":"Informacje o blogu - Duzi i Mali razem","og_description":"Ten polsko-niemiecki blog dokumentuje dzia\u0142ania realizowane w ramach projektu \u201eGro\u00df und Klein gemeinsam \u2013 Duzi i Mali razem\u201e. G\u0142\u00f3wnym celem  Read More","og_url":"https:\/\/www.nachbarsprachen-sachsen.eu\/lana\/plsn-pl\/informacje-o-blogu\/","og_site_name":"Duzi i Mali razem","article_modified_time":"2021-02-23T10:50:00+00:00","twitter_card":"summary_large_image","twitter_misc":{"Szacowany czas czytania":"1 minuta"},"schema":{"@context":"https:\/\/schema.org","@graph":[{"@type":"WebPage","@id":"https:\/\/www.nachbarsprachen-sachsen.eu\/lana\/plsn-pl\/informacje-o-blogu\/","url":"https:\/\/www.nachbarsprachen-sachsen.eu\/lana\/plsn-pl\/informacje-o-blogu\/","name":"Informacje o blogu - Duzi i Mali razem","isPartOf":{"@id":"https:\/\/www.nachbarsprachen-sachsen.eu\/lana\/plsn-pl\/#website"},"datePublished":"2021-02-18T10:21:16+00:00","dateModified":"2021-02-23T10:50:00+00:00","breadcrumb":{"@id":"https:\/\/www.nachbarsprachen-sachsen.eu\/lana\/plsn-pl\/informacje-o-blogu\/#breadcrumb"},"inLanguage":"pl-PL","potentialAction":[{"@type":"ReadAction","target":["https:\/\/www.nachbarsprachen-sachsen.eu\/lana\/plsn-pl\/informacje-o-blogu\/"]}]},{"@type":"BreadcrumbList","@id":"https:\/\/www.nachbarsprachen-sachsen.eu\/lana\/plsn-pl\/informacje-o-blogu\/#breadcrumb","itemListElement":[{"@type":"ListItem","position":1,"name":"Startseite","item":"https:\/\/www.nachbarsprachen-sachsen.eu\/lana\/plsn-pl\/"},{"@type":"ListItem","position":2,"name":"Informacje o blogu"}]},{"@type":"WebSite","@id":"https:\/\/www.nachbarsprachen-sachsen.eu\/lana\/plsn-pl\/#website","url":"https:\/\/www.nachbarsprachen-sachsen.eu\/lana\/plsn-pl\/","name":"Duzi i Mali razem","description":"","potentialAction":[{"@type":"SearchAction","target":{"@type":"EntryPoint","urlTemplate":"https:\/\/www.nachbarsprachen-sachsen.eu\/lana\/plsn-pl\/?s={search_term_string}"},"query-input":{"@type":"PropertyValueSpecification","valueRequired":true,"valueName":"search_term_string"}}],"inLanguage":"pl-PL"}]}},"_links":{"self":[{"href":"https:\/\/www.nachbarsprachen-sachsen.eu\/lana\/plsn-pl\/wp-json\/wp\/v2\/pages\/72","targetHints":{"allow":["GET"]}}],"collection":[{"href":"https:\/\/www.nachbarsprachen-sachsen.eu\/lana\/plsn-pl\/wp-json\/wp\/v2\/pages"}],"about":[{"href":"https:\/\/www.nachbarsprachen-sachsen.eu\/lana\/plsn-pl\/wp-json\/wp\/v2\/types\/page"}],"author":[{"embeddable":true,"href":"https:\/\/www.nachbarsprachen-sachsen.eu\/lana\/plsn-pl\/wp-json\/wp\/v2\/users\/1"}],"replies":[{"embeddable":true,"href":"https:\/\/www.nachbarsprachen-sachsen.eu\/lana\/plsn-pl\/wp-json\/wp\/v2\/comments?post=72"}],"version-history":[{"count":4,"href":"https:\/\/www.nachbarsprachen-sachsen.eu\/lana\/plsn-pl\/wp-json\/wp\/v2\/pages\/72\/revisions"}],"predecessor-version":[{"id":84,"href":"https:\/\/www.nachbarsprachen-sachsen.eu\/lana\/plsn-pl\/wp-json\/wp\/v2\/pages\/72\/revisions\/84"}],"wp:attachment":[{"href":"https:\/\/www.nachbarsprachen-sachsen.eu\/lana\/plsn-pl\/wp-json\/wp\/v2\/media?parent=72"}],"curies":[{"name":"wp","href":"https:\/\/api.w.org\/{rel}","templated":true}]}}