{"id":15,"date":"2021-02-05T11:04:47","date_gmt":"2021-02-05T10:04:47","guid":{"rendered":"https:\/\/www.nachbarsprachen-sachsen.eu\/lana\/plsn-pl\/?page_id=15"},"modified":"2021-02-23T11:49:41","modified_gmt":"2021-02-23T10:49:41","slug":"kontakt","status":"publish","type":"page","link":"https:\/\/www.nachbarsprachen-sachsen.eu\/lana\/plsn-pl\/kontakt\/","title":{"rendered":"Kontakt"},"content":{"rendered":"<p style=\"text-align: left\">Projekt &#8222;<a href=\"https:\/\/dodn.dolnyslask.pl\/dzialalnosc\/duzi-i-mali\/\" target=\"_blank\" rel=\"noopener noreferrer\">Duzi i Mali razem &#8211; Gro\u00df und Klein gemeinsam<\/a>&#8221; jest wsp\u00f3lnym projektem <a href=\"https:\/\/dodn.dolnyslask.pl\" target=\"_blank\" rel=\"noopener noreferrer\">Dolno\u015bl\u0105skiego O\u015brodka Doskonalenia Nauczycieli we Wroc\u0142awiu<\/a> (Partner Wiod\u0105cy) oraz <a href=\"https:\/\/www.kreis-goerlitz.de\/\" target=\"_blank\" rel=\"noopener noreferrer\">Powiatu G\u00f6rlitz<\/a> (Partner). Wykonawc\u0105 dzia\u0142a\u0144 w imieniu Partnera wykonawc\u0105 zada\u0144 jest <a href=\"https:\/\/www.nachbarsprachen-sachsen.eu\/\" target=\"_blank\" rel=\"noopener noreferrer\">Sakso\u0144ska Plac\u00f3wka ds. Wczesnej Nauki J\u0119zyk\u00f3w Kraj\u00f3w S\u0105siedzkich<\/a>.<\/p>\n\n\n\n\n<hr class=\"wp-block-separator\" \/>\n\n\n<p style=\"text-align: left\"><strong>Dolno\u015bl\u0105ski O\u015brodek Doskonalenia Nauczycieli Filia w Jeleniej G\u00f3rze<\/strong><br \/>ul.\u00a01 Maja 43<br \/>pok\u00f3j 117 (I\u00a0pi\u0119tro)<br \/>telefon: +48 508 690 978<br \/>email:\u00a0<a href=\"mailto:projekt.interreg@dodn.dolnyslask.pl\" target=\"_blank\" rel=\"noopener noreferrer\"><strong>projekt.interreg@dodn.dolnyslask.pl<\/strong><\/a><\/p>","protected":false},"excerpt":{"rendered":"<p>Projekt &#8222;Duzi i Mali razem &#8211; Gro\u00df und Klein gemeinsam&#8221; jest wsp\u00f3lnym projektem Dolno\u015bl\u0105skiego O\u015brodka Doskonalenia Nauczycieli we Wroc\u0142awiu (Partner<\/p>\n<div class=\"border bottom-border text-center\">\n\t <a class=\"readmore\" href=\"https:\/\/www.nachbarsprachen-sachsen.eu\/lana\/plsn-pl\/kontakt\/\">Read More<\/a>\n\t  <\/div>\n","protected":false},"author":14,"featured_media":59,"parent":0,"menu_order":0,"comment_status":"closed","ping_status":"closed","template":"","meta":{"footnotes":""},"class_list":["post-15","page","type-page","status-publish","has-post-thumbnail","hentry"],"yoast_head":"<!-- This site is optimized with the Yoast SEO plugin v26.9 - https:\/\/yoast.com\/product\/yoast-seo-wordpress\/ -->\n<title>Kontakt - Duzi i Mali razem<\/title>\n<meta name=\"robots\" content=\"noindex, follow, max-snippet:-1, max-image-preview:large, max-video-preview:-1\" \/>\n<meta property=\"og:locale\" content=\"pl_PL\" \/>\n<meta property=\"og:type\" content=\"article\" \/>\n<meta property=\"og:title\" content=\"Kontakt - Duzi i Mali razem\" \/>\n<meta property=\"og:description\" content=\"Projekt &#8222;Duzi i Mali razem &#8211; Gro\u00df und Klein gemeinsam&#8221; jest wsp\u00f3lnym projektem Dolno\u015bl\u0105skiego O\u015brodka Doskonalenia Nauczycieli we Wroc\u0142awiu (Partner  Read More\" \/>\n<meta property=\"og:url\" content=\"https:\/\/www.nachbarsprachen-sachsen.eu\/lana\/plsn-pl\/kontakt\/\" \/>\n<meta property=\"og:site_name\" content=\"Duzi i Mali razem\" \/>\n<meta property=\"article:modified_time\" content=\"2021-02-23T10:49:41+00:00\" \/>\n<meta property=\"og:image\" content=\"https:\/\/www.nachbarsprachen-sachsen.eu\/lana\/plsn-pl\/wp-content\/uploads\/sites\/4\/2021\/02\/letters-2794672_1920.jpg\" \/>\n\t<meta property=\"og:image:width\" content=\"1920\" \/>\n\t<meta property=\"og:image:height\" content=\"480\" \/>\n\t<meta property=\"og:image:type\" content=\"image\/jpeg\" \/>\n<meta name=\"twitter:card\" content=\"summary_large_image\" \/>\n<meta name=\"twitter:label1\" content=\"Szacowany czas czytania\" \/>\n\t<meta name=\"twitter:data1\" content=\"1 minuta\" \/>\n<script type=\"application\/ld+json\" class=\"yoast-schema-graph\">{\"@context\":\"https:\/\/schema.org\",\"@graph\":[{\"@type\":\"WebPage\",\"@id\":\"https:\/\/www.nachbarsprachen-sachsen.eu\/lana\/plsn-pl\/kontakt\/\",\"url\":\"https:\/\/www.nachbarsprachen-sachsen.eu\/lana\/plsn-pl\/kontakt\/\",\"name\":\"Kontakt - Duzi i Mali razem\",\"isPartOf\":{\"@id\":\"https:\/\/www.nachbarsprachen-sachsen.eu\/lana\/plsn-pl\/#website\"},\"primaryImageOfPage\":{\"@id\":\"https:\/\/www.nachbarsprachen-sachsen.eu\/lana\/plsn-pl\/kontakt\/#primaryimage\"},\"image\":{\"@id\":\"https:\/\/www.nachbarsprachen-sachsen.eu\/lana\/plsn-pl\/kontakt\/#primaryimage\"},\"thumbnailUrl\":\"https:\/\/www.nachbarsprachen-sachsen.eu\/lana\/plsn-pl\/wp-content\/uploads\/sites\/4\/2021\/02\/letters-2794672_1920.jpg\",\"datePublished\":\"2021-02-05T10:04:47+00:00\",\"dateModified\":\"2021-02-23T10:49:41+00:00\",\"breadcrumb\":{\"@id\":\"https:\/\/www.nachbarsprachen-sachsen.eu\/lana\/plsn-pl\/kontakt\/#breadcrumb\"},\"inLanguage\":\"pl-PL\",\"potentialAction\":[{\"@type\":\"ReadAction\",\"target\":[\"https:\/\/www.nachbarsprachen-sachsen.eu\/lana\/plsn-pl\/kontakt\/\"]}]},{\"@type\":\"ImageObject\",\"inLanguage\":\"pl-PL\",\"@id\":\"https:\/\/www.nachbarsprachen-sachsen.eu\/lana\/plsn-pl\/kontakt\/#primaryimage\",\"url\":\"https:\/\/www.nachbarsprachen-sachsen.eu\/lana\/plsn-pl\/wp-content\/uploads\/sites\/4\/2021\/02\/letters-2794672_1920.jpg\",\"contentUrl\":\"https:\/\/www.nachbarsprachen-sachsen.eu\/lana\/plsn-pl\/wp-content\/uploads\/sites\/4\/2021\/02\/letters-2794672_1920.jpg\",\"width\":1920,\"height\":480},{\"@type\":\"BreadcrumbList\",\"@id\":\"https:\/\/www.nachbarsprachen-sachsen.eu\/lana\/plsn-pl\/kontakt\/#breadcrumb\",\"itemListElement\":[{\"@type\":\"ListItem\",\"position\":1,\"name\":\"Startseite\",\"item\":\"https:\/\/www.nachbarsprachen-sachsen.eu\/lana\/plsn-pl\/\"},{\"@type\":\"ListItem\",\"position\":2,\"name\":\"Kontakt\"}]},{\"@type\":\"WebSite\",\"@id\":\"https:\/\/www.nachbarsprachen-sachsen.eu\/lana\/plsn-pl\/#website\",\"url\":\"https:\/\/www.nachbarsprachen-sachsen.eu\/lana\/plsn-pl\/\",\"name\":\"Duzi i Mali razem\",\"description\":\"\",\"potentialAction\":[{\"@type\":\"SearchAction\",\"target\":{\"@type\":\"EntryPoint\",\"urlTemplate\":\"https:\/\/www.nachbarsprachen-sachsen.eu\/lana\/plsn-pl\/?s={search_term_string}\"},\"query-input\":{\"@type\":\"PropertyValueSpecification\",\"valueRequired\":true,\"valueName\":\"search_term_string\"}}],\"inLanguage\":\"pl-PL\"}]}<\/script>\n<!-- \/ Yoast SEO plugin. -->","yoast_head_json":{"title":"Kontakt - Duzi i Mali razem","robots":{"index":"noindex","follow":"follow","max-snippet":"max-snippet:-1","max-image-preview":"max-image-preview:large","max-video-preview":"max-video-preview:-1"},"og_locale":"pl_PL","og_type":"article","og_title":"Kontakt - Duzi i Mali razem","og_description":"Projekt &#8222;Duzi i Mali razem &#8211; Gro\u00df und Klein gemeinsam&#8221; jest wsp\u00f3lnym projektem Dolno\u015bl\u0105skiego O\u015brodka Doskonalenia Nauczycieli we Wroc\u0142awiu (Partner  Read More","og_url":"https:\/\/www.nachbarsprachen-sachsen.eu\/lana\/plsn-pl\/kontakt\/","og_site_name":"Duzi i Mali razem","article_modified_time":"2021-02-23T10:49:41+00:00","og_image":[{"width":1920,"height":480,"url":"https:\/\/www.nachbarsprachen-sachsen.eu\/lana\/plsn-pl\/wp-content\/uploads\/sites\/4\/2021\/02\/letters-2794672_1920.jpg","type":"image\/jpeg"}],"twitter_card":"summary_large_image","twitter_misc":{"Szacowany czas czytania":"1 minuta"},"schema":{"@context":"https:\/\/schema.org","@graph":[{"@type":"WebPage","@id":"https:\/\/www.nachbarsprachen-sachsen.eu\/lana\/plsn-pl\/kontakt\/","url":"https:\/\/www.nachbarsprachen-sachsen.eu\/lana\/plsn-pl\/kontakt\/","name":"Kontakt - Duzi i Mali razem","isPartOf":{"@id":"https:\/\/www.nachbarsprachen-sachsen.eu\/lana\/plsn-pl\/#website"},"primaryImageOfPage":{"@id":"https:\/\/www.nachbarsprachen-sachsen.eu\/lana\/plsn-pl\/kontakt\/#primaryimage"},"image":{"@id":"https:\/\/www.nachbarsprachen-sachsen.eu\/lana\/plsn-pl\/kontakt\/#primaryimage"},"thumbnailUrl":"https:\/\/www.nachbarsprachen-sachsen.eu\/lana\/plsn-pl\/wp-content\/uploads\/sites\/4\/2021\/02\/letters-2794672_1920.jpg","datePublished":"2021-02-05T10:04:47+00:00","dateModified":"2021-02-23T10:49:41+00:00","breadcrumb":{"@id":"https:\/\/www.nachbarsprachen-sachsen.eu\/lana\/plsn-pl\/kontakt\/#breadcrumb"},"inLanguage":"pl-PL","potentialAction":[{"@type":"ReadAction","target":["https:\/\/www.nachbarsprachen-sachsen.eu\/lana\/plsn-pl\/kontakt\/"]}]},{"@type":"ImageObject","inLanguage":"pl-PL","@id":"https:\/\/www.nachbarsprachen-sachsen.eu\/lana\/plsn-pl\/kontakt\/#primaryimage","url":"https:\/\/www.nachbarsprachen-sachsen.eu\/lana\/plsn-pl\/wp-content\/uploads\/sites\/4\/2021\/02\/letters-2794672_1920.jpg","contentUrl":"https:\/\/www.nachbarsprachen-sachsen.eu\/lana\/plsn-pl\/wp-content\/uploads\/sites\/4\/2021\/02\/letters-2794672_1920.jpg","width":1920,"height":480},{"@type":"BreadcrumbList","@id":"https:\/\/www.nachbarsprachen-sachsen.eu\/lana\/plsn-pl\/kontakt\/#breadcrumb","itemListElement":[{"@type":"ListItem","position":1,"name":"Startseite","item":"https:\/\/www.nachbarsprachen-sachsen.eu\/lana\/plsn-pl\/"},{"@type":"ListItem","position":2,"name":"Kontakt"}]},{"@type":"WebSite","@id":"https:\/\/www.nachbarsprachen-sachsen.eu\/lana\/plsn-pl\/#website","url":"https:\/\/www.nachbarsprachen-sachsen.eu\/lana\/plsn-pl\/","name":"Duzi i Mali razem","description":"","potentialAction":[{"@type":"SearchAction","target":{"@type":"EntryPoint","urlTemplate":"https:\/\/www.nachbarsprachen-sachsen.eu\/lana\/plsn-pl\/?s={search_term_string}"},"query-input":{"@type":"PropertyValueSpecification","valueRequired":true,"valueName":"search_term_string"}}],"inLanguage":"pl-PL"}]}},"_links":{"self":[{"href":"https:\/\/www.nachbarsprachen-sachsen.eu\/lana\/plsn-pl\/wp-json\/wp\/v2\/pages\/15","targetHints":{"allow":["GET"]}}],"collection":[{"href":"https:\/\/www.nachbarsprachen-sachsen.eu\/lana\/plsn-pl\/wp-json\/wp\/v2\/pages"}],"about":[{"href":"https:\/\/www.nachbarsprachen-sachsen.eu\/lana\/plsn-pl\/wp-json\/wp\/v2\/types\/page"}],"author":[{"embeddable":true,"href":"https:\/\/www.nachbarsprachen-sachsen.eu\/lana\/plsn-pl\/wp-json\/wp\/v2\/users\/14"}],"replies":[{"embeddable":true,"href":"https:\/\/www.nachbarsprachen-sachsen.eu\/lana\/plsn-pl\/wp-json\/wp\/v2\/comments?post=15"}],"version-history":[{"count":4,"href":"https:\/\/www.nachbarsprachen-sachsen.eu\/lana\/plsn-pl\/wp-json\/wp\/v2\/pages\/15\/revisions"}],"predecessor-version":[{"id":83,"href":"https:\/\/www.nachbarsprachen-sachsen.eu\/lana\/plsn-pl\/wp-json\/wp\/v2\/pages\/15\/revisions\/83"}],"wp:featuredmedia":[{"embeddable":true,"href":"https:\/\/www.nachbarsprachen-sachsen.eu\/lana\/plsn-pl\/wp-json\/wp\/v2\/media\/59"}],"wp:attachment":[{"href":"https:\/\/www.nachbarsprachen-sachsen.eu\/lana\/plsn-pl\/wp-json\/wp\/v2\/media?parent=15"}],"curies":[{"name":"wp","href":"https:\/\/api.w.org\/{rel}","templated":true}]}}