{"id":388,"date":"2021-02-18T11:13:06","date_gmt":"2021-02-18T10:13:06","guid":{"rendered":"https:\/\/www.nachbarsprachen-sachsen.eu\/lana\/plsn-de\/?page_id=388"},"modified":"2021-02-23T11:47:40","modified_gmt":"2021-02-23T10:47:40","slug":"ueber-den-blog","status":"publish","type":"page","link":"https:\/\/www.nachbarsprachen-sachsen.eu\/lana\/plsn-de\/ueber-den-blog\/","title":{"rendered":"\u00dcber den Blog"},"content":{"rendered":"<p style=\"text-align: left\">Dieser deutsch-polnische Blog berichtet \u00fcber die Aktivit\u00e4ten, die im Rahmen des Projektes \u201e<a href=\"https:\/\/www.nachbarsprachen-sachsen.eu\/de\/gross-und-klein-gemeinsam.html\" target=\"_blank\" rel=\"noopener noreferrer\">Gro\u00df und Klein gemeinsam \u2013 Duzi i Mali razem<\/a>\u201c umgesetzt werden. Im Fokus steht dabei die grenz\u00fcberschreitende Zusammenarbeit zur F\u00f6rderung der interkulturellen und nachbarsprachigen Bildung in s\u00e4chsischen und niederschlesischen Kitas.<\/p>\n\n<p>\u00a0<\/p>\n<p style=\"text-align: left\">Neben Fortbildungsangeboten f\u00fcr das Kita-Personal und der Erstellung zweisprachiger Materialien f\u00fcr die Kita-Praxis liegt ein Projekt-Schwerpunkt auf dem Aufbau neuer deutsch-polnischer Kita-Partnerschaften: F\u00fcnf deutsche Kitas aus den Landkreisen G\u00f6rlitz und Bautzen und f\u00fcnf polnische Vorschuleinrichtungen haben sich mit der Frage auf den Weg gemacht, wie sie miteinander in Kontakt kommen und bleiben k\u00f6nnen, auch wenn die grenz\u00fcberschreitenden Begegnungen nur eingeschr\u00e4nkt m\u00f6glich sind. Dass hier nicht nur die begrenzten finanziellen M\u00f6glichkeiten oder eine zu gro\u00dfe Entfernung zwischen den Kitas eine H\u00fcrde sein kann, sondern dass es auch f\u00fcr bereits langj\u00e4hrig funktionierende Kita-Partnerschaften wichtig ist, sich solchen Fragen zu stellen und neue Wege zu gehen, hat nicht zuletzt die Corona-Pandemie sehr deutlich gemacht.<\/p>\n\n<p>\u00a0<\/p>\n<p style=\"text-align: left\">Warum sind diese Tandems so besonders und warum k\u00f6nnten sie eine Inspirationsquelle f\u00fcr andere Kitas sein? Dar\u00fcber berichten wir auf diesem Blog. Wir laden Sie sehr herzlich ein, diesen Weg voller Herausforderungen zu begleiten und hoffen auf die weitere Etablierung von deutsch-polnischen Partnerschaften. Die Zusammenarbeit und das Zusammenwachsen sind f\u00fcr die Zukunft unseres gemeinsamen deutsch-polnischen Verflechtungsraums im Herzen Europas so wichtig!<\/p>\n<p>\u00a0<\/p>\n\n\n<hr class=\"wp-block-separator\" \/>\n\n\n<p style=\"text-align: left\"><em data-rich-text-format-boundary=\"true\">Das Projekt wird aus Mitteln des Europ\u00e4ischen Fonds f\u00fcr Regionale Entwicklung im Rahmen des Kooperationsprogramms\u00a0<a href=\"https:\/\/de.plsn.eu\/\" target=\"_blank\" rel=\"noreferrer noopener\">INTERREG Polen-Sachsen 2014-2020<\/a>\u00a0sowie aus Mitteln des\u00a0<a href=\"https:\/\/dodn.dolnyslask.pl\/\" target=\"_blank\" rel=\"noreferrer noopener\">DODN<\/a>\u00a0und des\u00a0<a href=\"https:\/\/www.kreis-goerlitz.de\/\" target=\"_blank\" rel=\"noreferrer noopener\">Landkreises G\u00f6rlitz<\/a>\u00a0finanziert. Weitere Informationen finden Sie auf\u00a0<a href=\"https:\/\/www.nachbarsprachen-sachsen.eu\/plsn\" target=\"_blank\" rel=\"noreferrer noopener\">der Webseite des Projektes<\/a>.<\/em><\/p>","protected":false},"excerpt":{"rendered":"<p>Dieser deutsch-polnische Blog berichtet \u00fcber die Aktivit\u00e4ten, die im Rahmen des Projektes \u201eGro\u00df und Klein gemeinsam \u2013 Duzi i Mali<\/p>\n<div class=\"border bottom-border text-center\">\n\t <a class=\"readmore\" href=\"https:\/\/www.nachbarsprachen-sachsen.eu\/lana\/plsn-de\/ueber-den-blog\/\">Read More<\/a>\n\t  <\/div>\n","protected":false},"author":5,"featured_media":276,"parent":0,"menu_order":0,"comment_status":"closed","ping_status":"closed","template":"","meta":{"footnotes":""},"class_list":["post-388","page","type-page","status-publish","has-post-thumbnail","hentry"],"yoast_head":"<!-- This site is optimized with the Yoast SEO plugin v26.9 - https:\/\/yoast.com\/product\/yoast-seo-wordpress\/ -->\n<title>\u00dcber den Blog - Gro\u00df und Klein gemeinsam<\/title>\n<meta name=\"robots\" content=\"noindex, follow, max-snippet:-1, max-image-preview:large, max-video-preview:-1\" \/>\n<meta property=\"og:locale\" content=\"de_DE\" \/>\n<meta property=\"og:type\" content=\"article\" \/>\n<meta property=\"og:title\" content=\"\u00dcber den Blog - Gro\u00df und Klein gemeinsam\" \/>\n<meta property=\"og:description\" content=\"Dieser deutsch-polnische Blog berichtet \u00fcber die Aktivit\u00e4ten, die im Rahmen des Projektes \u201eGro\u00df und Klein gemeinsam \u2013 Duzi i Mali  Read More\" \/>\n<meta property=\"og:url\" content=\"https:\/\/www.nachbarsprachen-sachsen.eu\/lana\/plsn-de\/ueber-den-blog\/\" \/>\n<meta property=\"og:site_name\" content=\"Gro\u00df und Klein gemeinsam\" \/>\n<meta property=\"article:modified_time\" content=\"2021-02-23T10:47:40+00:00\" \/>\n<meta property=\"og:image\" content=\"https:\/\/www.nachbarsprachen-sachsen.eu\/lana\/plsn-de\/wp-content\/uploads\/sites\/3\/2020\/08\/Gross_und_Klein_gemeinsam_Logo-scaled-e1613641295114.jpg\" \/>\n\t<meta property=\"og:image:width\" content=\"101\" \/>\n\t<meta property=\"og:image:height\" content=\"95\" \/>\n\t<meta property=\"og:image:type\" content=\"image\/jpeg\" \/>\n<meta name=\"twitter:card\" content=\"summary_large_image\" \/>\n<meta name=\"twitter:label1\" content=\"Gesch\u00e4tzte Lesezeit\" \/>\n\t<meta name=\"twitter:data1\" content=\"2\u00a0Minuten\" \/>\n<script type=\"application\/ld+json\" class=\"yoast-schema-graph\">{\"@context\":\"https:\/\/schema.org\",\"@graph\":[{\"@type\":\"WebPage\",\"@id\":\"https:\/\/www.nachbarsprachen-sachsen.eu\/lana\/plsn-de\/ueber-den-blog\/\",\"url\":\"https:\/\/www.nachbarsprachen-sachsen.eu\/lana\/plsn-de\/ueber-den-blog\/\",\"name\":\"\u00dcber den Blog - Gro\u00df und Klein gemeinsam\",\"isPartOf\":{\"@id\":\"https:\/\/www.nachbarsprachen-sachsen.eu\/lana\/plsn-de\/#website\"},\"primaryImageOfPage\":{\"@id\":\"https:\/\/www.nachbarsprachen-sachsen.eu\/lana\/plsn-de\/ueber-den-blog\/#primaryimage\"},\"image\":{\"@id\":\"https:\/\/www.nachbarsprachen-sachsen.eu\/lana\/plsn-de\/ueber-den-blog\/#primaryimage\"},\"thumbnailUrl\":\"https:\/\/www.nachbarsprachen-sachsen.eu\/lana\/plsn-de\/wp-content\/uploads\/sites\/3\/2020\/08\/Gross_und_Klein_gemeinsam_Logo-scaled-e1613641295114.jpg\",\"datePublished\":\"2021-02-18T10:13:06+00:00\",\"dateModified\":\"2021-02-23T10:47:40+00:00\",\"breadcrumb\":{\"@id\":\"https:\/\/www.nachbarsprachen-sachsen.eu\/lana\/plsn-de\/ueber-den-blog\/#breadcrumb\"},\"inLanguage\":\"de\",\"potentialAction\":[{\"@type\":\"ReadAction\",\"target\":[\"https:\/\/www.nachbarsprachen-sachsen.eu\/lana\/plsn-de\/ueber-den-blog\/\"]}]},{\"@type\":\"ImageObject\",\"inLanguage\":\"de\",\"@id\":\"https:\/\/www.nachbarsprachen-sachsen.eu\/lana\/plsn-de\/ueber-den-blog\/#primaryimage\",\"url\":\"https:\/\/www.nachbarsprachen-sachsen.eu\/lana\/plsn-de\/wp-content\/uploads\/sites\/3\/2020\/08\/Gross_und_Klein_gemeinsam_Logo-scaled-e1613641295114.jpg\",\"contentUrl\":\"https:\/\/www.nachbarsprachen-sachsen.eu\/lana\/plsn-de\/wp-content\/uploads\/sites\/3\/2020\/08\/Gross_und_Klein_gemeinsam_Logo-scaled-e1613641295114.jpg\",\"width\":101,\"height\":95},{\"@type\":\"BreadcrumbList\",\"@id\":\"https:\/\/www.nachbarsprachen-sachsen.eu\/lana\/plsn-de\/ueber-den-blog\/#breadcrumb\",\"itemListElement\":[{\"@type\":\"ListItem\",\"position\":1,\"name\":\"Startseite\",\"item\":\"https:\/\/www.nachbarsprachen-sachsen.eu\/lana\/plsn-de\/\"},{\"@type\":\"ListItem\",\"position\":2,\"name\":\"\u00dcber den Blog\"}]},{\"@type\":\"WebSite\",\"@id\":\"https:\/\/www.nachbarsprachen-sachsen.eu\/lana\/plsn-de\/#website\",\"url\":\"https:\/\/www.nachbarsprachen-sachsen.eu\/lana\/plsn-de\/\",\"name\":\"Gro\u00df und Klein gemeinsam\",\"description\":\"\",\"potentialAction\":[{\"@type\":\"SearchAction\",\"target\":{\"@type\":\"EntryPoint\",\"urlTemplate\":\"https:\/\/www.nachbarsprachen-sachsen.eu\/lana\/plsn-de\/?s={search_term_string}\"},\"query-input\":{\"@type\":\"PropertyValueSpecification\",\"valueRequired\":true,\"valueName\":\"search_term_string\"}}],\"inLanguage\":\"de\"}]}<\/script>\n<!-- \/ Yoast SEO plugin. -->","yoast_head_json":{"title":"\u00dcber den Blog - Gro\u00df und Klein gemeinsam","robots":{"index":"noindex","follow":"follow","max-snippet":"max-snippet:-1","max-image-preview":"max-image-preview:large","max-video-preview":"max-video-preview:-1"},"og_locale":"de_DE","og_type":"article","og_title":"\u00dcber den Blog - Gro\u00df und Klein gemeinsam","og_description":"Dieser deutsch-polnische Blog berichtet \u00fcber die Aktivit\u00e4ten, die im Rahmen des Projektes \u201eGro\u00df und Klein gemeinsam \u2013 Duzi i Mali  Read More","og_url":"https:\/\/www.nachbarsprachen-sachsen.eu\/lana\/plsn-de\/ueber-den-blog\/","og_site_name":"Gro\u00df und Klein gemeinsam","article_modified_time":"2021-02-23T10:47:40+00:00","og_image":[{"width":101,"height":95,"url":"https:\/\/www.nachbarsprachen-sachsen.eu\/lana\/plsn-de\/wp-content\/uploads\/sites\/3\/2020\/08\/Gross_und_Klein_gemeinsam_Logo-scaled-e1613641295114.jpg","type":"image\/jpeg"}],"twitter_card":"summary_large_image","twitter_misc":{"Gesch\u00e4tzte Lesezeit":"2\u00a0Minuten"},"schema":{"@context":"https:\/\/schema.org","@graph":[{"@type":"WebPage","@id":"https:\/\/www.nachbarsprachen-sachsen.eu\/lana\/plsn-de\/ueber-den-blog\/","url":"https:\/\/www.nachbarsprachen-sachsen.eu\/lana\/plsn-de\/ueber-den-blog\/","name":"\u00dcber den Blog - Gro\u00df und Klein gemeinsam","isPartOf":{"@id":"https:\/\/www.nachbarsprachen-sachsen.eu\/lana\/plsn-de\/#website"},"primaryImageOfPage":{"@id":"https:\/\/www.nachbarsprachen-sachsen.eu\/lana\/plsn-de\/ueber-den-blog\/#primaryimage"},"image":{"@id":"https:\/\/www.nachbarsprachen-sachsen.eu\/lana\/plsn-de\/ueber-den-blog\/#primaryimage"},"thumbnailUrl":"https:\/\/www.nachbarsprachen-sachsen.eu\/lana\/plsn-de\/wp-content\/uploads\/sites\/3\/2020\/08\/Gross_und_Klein_gemeinsam_Logo-scaled-e1613641295114.jpg","datePublished":"2021-02-18T10:13:06+00:00","dateModified":"2021-02-23T10:47:40+00:00","breadcrumb":{"@id":"https:\/\/www.nachbarsprachen-sachsen.eu\/lana\/plsn-de\/ueber-den-blog\/#breadcrumb"},"inLanguage":"de","potentialAction":[{"@type":"ReadAction","target":["https:\/\/www.nachbarsprachen-sachsen.eu\/lana\/plsn-de\/ueber-den-blog\/"]}]},{"@type":"ImageObject","inLanguage":"de","@id":"https:\/\/www.nachbarsprachen-sachsen.eu\/lana\/plsn-de\/ueber-den-blog\/#primaryimage","url":"https:\/\/www.nachbarsprachen-sachsen.eu\/lana\/plsn-de\/wp-content\/uploads\/sites\/3\/2020\/08\/Gross_und_Klein_gemeinsam_Logo-scaled-e1613641295114.jpg","contentUrl":"https:\/\/www.nachbarsprachen-sachsen.eu\/lana\/plsn-de\/wp-content\/uploads\/sites\/3\/2020\/08\/Gross_und_Klein_gemeinsam_Logo-scaled-e1613641295114.jpg","width":101,"height":95},{"@type":"BreadcrumbList","@id":"https:\/\/www.nachbarsprachen-sachsen.eu\/lana\/plsn-de\/ueber-den-blog\/#breadcrumb","itemListElement":[{"@type":"ListItem","position":1,"name":"Startseite","item":"https:\/\/www.nachbarsprachen-sachsen.eu\/lana\/plsn-de\/"},{"@type":"ListItem","position":2,"name":"\u00dcber den Blog"}]},{"@type":"WebSite","@id":"https:\/\/www.nachbarsprachen-sachsen.eu\/lana\/plsn-de\/#website","url":"https:\/\/www.nachbarsprachen-sachsen.eu\/lana\/plsn-de\/","name":"Gro\u00df und Klein gemeinsam","description":"","potentialAction":[{"@type":"SearchAction","target":{"@type":"EntryPoint","urlTemplate":"https:\/\/www.nachbarsprachen-sachsen.eu\/lana\/plsn-de\/?s={search_term_string}"},"query-input":{"@type":"PropertyValueSpecification","valueRequired":true,"valueName":"search_term_string"}}],"inLanguage":"de"}]}},"_links":{"self":[{"href":"https:\/\/www.nachbarsprachen-sachsen.eu\/lana\/plsn-de\/wp-json\/wp\/v2\/pages\/388","targetHints":{"allow":["GET"]}}],"collection":[{"href":"https:\/\/www.nachbarsprachen-sachsen.eu\/lana\/plsn-de\/wp-json\/wp\/v2\/pages"}],"about":[{"href":"https:\/\/www.nachbarsprachen-sachsen.eu\/lana\/plsn-de\/wp-json\/wp\/v2\/types\/page"}],"author":[{"embeddable":true,"href":"https:\/\/www.nachbarsprachen-sachsen.eu\/lana\/plsn-de\/wp-json\/wp\/v2\/users\/5"}],"replies":[{"embeddable":true,"href":"https:\/\/www.nachbarsprachen-sachsen.eu\/lana\/plsn-de\/wp-json\/wp\/v2\/comments?post=388"}],"version-history":[{"count":3,"href":"https:\/\/www.nachbarsprachen-sachsen.eu\/lana\/plsn-de\/wp-json\/wp\/v2\/pages\/388\/revisions"}],"predecessor-version":[{"id":411,"href":"https:\/\/www.nachbarsprachen-sachsen.eu\/lana\/plsn-de\/wp-json\/wp\/v2\/pages\/388\/revisions\/411"}],"wp:featuredmedia":[{"embeddable":true,"href":"https:\/\/www.nachbarsprachen-sachsen.eu\/lana\/plsn-de\/wp-json\/wp\/v2\/media\/276"}],"wp:attachment":[{"href":"https:\/\/www.nachbarsprachen-sachsen.eu\/lana\/plsn-de\/wp-json\/wp\/v2\/media?parent=388"}],"curies":[{"name":"wp","href":"https:\/\/api.w.org\/{rel}","templated":true}]}}