{"id":39,"date":"2015-03-16T14:39:51","date_gmt":"2015-03-16T13:39:51","guid":{"rendered":"https:\/\/www.nachbarsprachen-sachsen.eu\/blog\/?page_id=39"},"modified":"2026-02-13T15:38:10","modified_gmt":"2026-02-13T14:38:10","slug":"kontakt","status":"publish","type":"page","link":"https:\/\/www.nachbarsprachen-sachsen.eu\/lana\/blog\/kontakt","title":{"rendered":"Kontakt"},"content":{"rendered":"<p>Stiftung Internationales Begegnungszentrum St. Marienthal<br \/>\nS\u00e4chsische Landesstelle f\u00fcr nachbarsprachige Bildung<br \/>\nSt. Marienthal 10<br \/>\n02899 Ostritz<br \/>\nE-Mail: <a href=\"mailto:lana@ibz-marienthal.de\">nachbarsprachen.sachsen@kreis-gr.de<\/a><\/p>\n<p><strong>Unser <a href=\"https:\/\/www.nachbarsprachen-sachsen.eu\/de\/unser-team.html\" target=\"_blank\" rel=\"noopener\">Team<\/a><\/strong><\/p>\n<p><strong>Unser Sprechzeiten<br \/>\n<\/strong>Montag bis Donnerstag, 09:00 &#8211; 14:00 Uhr<\/p>\n\n<div class=\"wpcf7 no-js\" id=\"wpcf7-f4-o1\" lang=\"de-DE\" dir=\"ltr\" data-wpcf7-id=\"4\">\n<div class=\"screen-reader-response\"><p role=\"status\" aria-live=\"polite\" aria-atomic=\"true\"><\/p> <ul><\/ul><\/div>\n<form action=\"\/lana\/blog\/wp-json\/wp\/v2\/pages\/39#wpcf7-f4-o1\" method=\"post\" class=\"wpcf7-form init\" aria-label=\"Kontaktformular\" novalidate=\"novalidate\" data-status=\"init\">\n<fieldset class=\"hidden-fields-container\"><input type=\"hidden\" name=\"_wpcf7\" value=\"4\" \/><input type=\"hidden\" name=\"_wpcf7_version\" value=\"6.1.5\" \/><input type=\"hidden\" name=\"_wpcf7_locale\" value=\"de_DE\" \/><input type=\"hidden\" name=\"_wpcf7_unit_tag\" value=\"wpcf7-f4-o1\" \/><input type=\"hidden\" name=\"_wpcf7_container_post\" value=\"0\" \/><input type=\"hidden\" name=\"_wpcf7_posted_data_hash\" value=\"\" \/>\n<\/fieldset>\n<p>Ihr Name (Pflichtfeld)\n<\/p>\n<p><span class=\"wpcf7-form-control-wrap\" data-name=\"your-name\"><input size=\"40\" maxlength=\"400\" class=\"wpcf7-form-control wpcf7-text wpcf7-validates-as-required\" aria-required=\"true\" aria-invalid=\"false\" value=\"\" type=\"text\" name=\"your-name\" \/><\/span>\n<\/p>\n<p>Ihre E-Mail-Adresse (Pflichtfeld)\n<\/p>\n<p><span class=\"wpcf7-form-control-wrap\" data-name=\"your-email\"><input size=\"40\" maxlength=\"400\" class=\"wpcf7-form-control wpcf7-email wpcf7-validates-as-required wpcf7-text wpcf7-validates-as-email\" aria-required=\"true\" aria-invalid=\"false\" value=\"\" type=\"email\" name=\"your-email\" \/><\/span>\n<\/p>\n<p>Betreff\n<\/p>\n<p><span class=\"wpcf7-form-control-wrap\" data-name=\"your-subject\"><input size=\"40\" maxlength=\"400\" class=\"wpcf7-form-control wpcf7-text\" aria-invalid=\"false\" value=\"\" type=\"text\" name=\"your-subject\" \/><\/span>\n<\/p>\n<p>Ihre Nachricht\n<\/p>\n<p><span class=\"wpcf7-form-control-wrap\" data-name=\"your-message\"><textarea cols=\"40\" rows=\"10\" maxlength=\"2000\" class=\"wpcf7-form-control wpcf7-textarea\" aria-invalid=\"false\" name=\"your-message\"><\/textarea><\/span>\n<\/p>\n<p><span id=\"wpcf7-6a0396b80cd84-wrapper\" class=\"wpcf7-form-control-wrap honeypot-286-wrap\" style=\"display:none !important; visibility:hidden !important;\"><label for=\"wpcf7-6a0396b80cd84-field\" class=\"hp-message\">Bitte lasse dieses Feld leer.<\/label><input id=\"wpcf7-6a0396b80cd84-field\"  class=\"wpcf7-form-control wpcf7-text\" type=\"text\" name=\"honeypot-286\" value=\"\" size=\"40\" tabindex=\"-1\" autocomplete=\"new-password\" \/><\/span>\n<\/p>\n<p><input class=\"wpcf7-form-control wpcf7-submit has-spinner\" type=\"submit\" value=\"Senden\" \/>\n<\/p><div class=\"wpcf7-response-output\" aria-hidden=\"true\"><\/div>\n<\/form>\n<\/div>\n\n","protected":false},"excerpt":{"rendered":"<p>Stiftung Internationales Begegnungszentrum St. Marienthal S\u00e4chsische Landesstelle f\u00fcr nachbarsprachige Bildung St. Marienthal 10 02899 Ostritz E-Mail: nachbarsprachen.sachsen@kreis-gr.de Unser Team Unser Sprechzeiten Montag bis Donnerstag, 09:00 &#8211; 14:00 Uhr<\/p>\n","protected":false},"author":1,"featured_media":0,"parent":0,"menu_order":0,"comment_status":"open","ping_status":"open","template":"","meta":{"footnotes":""},"class_list":["post-39","page","type-page","status-publish","hentry"],"yoast_head":"<!-- This site is optimized with the Yoast SEO plugin v26.9 - https:\/\/yoast.com\/product\/yoast-seo-wordpress\/ -->\n<title>Kontakt - Blog der S\u00e4chsischen Landesstelle f\u00fcr nachbarsprachige Bildung<\/title>\n<meta name=\"robots\" content=\"index, follow, max-snippet:-1, max-image-preview:large, max-video-preview:-1\" \/>\n<link rel=\"canonical\" href=\"https:\/\/www.nachbarsprachen-sachsen.eu\/lana\/blog\/kontakt\" \/>\n<meta property=\"og:locale\" content=\"de_DE\" \/>\n<meta property=\"og:type\" content=\"article\" \/>\n<meta property=\"og:title\" content=\"Kontakt - Blog der S\u00e4chsischen Landesstelle f\u00fcr nachbarsprachige Bildung\" \/>\n<meta property=\"og:description\" content=\"Stiftung Internationales Begegnungszentrum St. Marienthal S\u00e4chsische Landesstelle f\u00fcr nachbarsprachige Bildung St. Marienthal 10 02899 Ostritz E-Mail: nachbarsprachen.sachsen@kreis-gr.de Unser Team Unser Sprechzeiten Montag bis Donnerstag, 09:00 &#8211; 14:00 Uhr\" \/>\n<meta property=\"og:url\" content=\"https:\/\/www.nachbarsprachen-sachsen.eu\/lana\/blog\/kontakt\" \/>\n<meta property=\"og:site_name\" content=\"Blog der S\u00e4chsischen Landesstelle f\u00fcr nachbarsprachige Bildung\" \/>\n<meta property=\"article:modified_time\" content=\"2026-02-13T14:38:10+00:00\" \/>\n<meta name=\"twitter:card\" content=\"summary_large_image\" \/>\n<meta name=\"twitter:label1\" content=\"Gesch\u00e4tzte Lesezeit\" \/>\n\t<meta name=\"twitter:data1\" content=\"1\u00a0Minute\" \/>\n<script type=\"application\/ld+json\" class=\"yoast-schema-graph\">{\"@context\":\"https:\/\/schema.org\",\"@graph\":[{\"@type\":\"WebPage\",\"@id\":\"https:\/\/www.nachbarsprachen-sachsen.eu\/lana\/blog\/kontakt\",\"url\":\"https:\/\/www.nachbarsprachen-sachsen.eu\/lana\/blog\/kontakt\",\"name\":\"Kontakt - Blog der S\u00e4chsischen Landesstelle f\u00fcr nachbarsprachige Bildung\",\"isPartOf\":{\"@id\":\"https:\/\/www.nachbarsprachen-sachsen.eu\/lana\/blog\/#website\"},\"datePublished\":\"2015-03-16T13:39:51+00:00\",\"dateModified\":\"2026-02-13T14:38:10+00:00\",\"breadcrumb\":{\"@id\":\"https:\/\/www.nachbarsprachen-sachsen.eu\/lana\/blog\/kontakt#breadcrumb\"},\"inLanguage\":\"de\",\"potentialAction\":[{\"@type\":\"ReadAction\",\"target\":[\"https:\/\/www.nachbarsprachen-sachsen.eu\/lana\/blog\/kontakt\"]}]},{\"@type\":\"BreadcrumbList\",\"@id\":\"https:\/\/www.nachbarsprachen-sachsen.eu\/lana\/blog\/kontakt#breadcrumb\",\"itemListElement\":[{\"@type\":\"ListItem\",\"position\":1,\"name\":\"Startseite\",\"item\":\"https:\/\/www.nachbarsprachen-sachsen.eu\/lana\/blog\"},{\"@type\":\"ListItem\",\"position\":2,\"name\":\"Kontakt\"}]},{\"@type\":\"WebSite\",\"@id\":\"https:\/\/www.nachbarsprachen-sachsen.eu\/lana\/blog\/#website\",\"url\":\"https:\/\/www.nachbarsprachen-sachsen.eu\/lana\/blog\/\",\"name\":\"Blog der S\u00e4chsischen Landesstelle f\u00fcr nachbarsprachige Bildung\",\"description\":\"Nachbarsprache von Anfang an!\",\"potentialAction\":[{\"@type\":\"SearchAction\",\"target\":{\"@type\":\"EntryPoint\",\"urlTemplate\":\"https:\/\/www.nachbarsprachen-sachsen.eu\/lana\/blog\/?s={search_term_string}\"},\"query-input\":{\"@type\":\"PropertyValueSpecification\",\"valueRequired\":true,\"valueName\":\"search_term_string\"}}],\"inLanguage\":\"de\"}]}<\/script>\n<!-- \/ Yoast SEO plugin. -->","yoast_head_json":{"title":"Kontakt - Blog der S\u00e4chsischen Landesstelle f\u00fcr nachbarsprachige Bildung","robots":{"index":"index","follow":"follow","max-snippet":"max-snippet:-1","max-image-preview":"max-image-preview:large","max-video-preview":"max-video-preview:-1"},"canonical":"https:\/\/www.nachbarsprachen-sachsen.eu\/lana\/blog\/kontakt","og_locale":"de_DE","og_type":"article","og_title":"Kontakt - Blog der S\u00e4chsischen Landesstelle f\u00fcr nachbarsprachige Bildung","og_description":"Stiftung Internationales Begegnungszentrum St. Marienthal S\u00e4chsische Landesstelle f\u00fcr nachbarsprachige Bildung St. Marienthal 10 02899 Ostritz E-Mail: nachbarsprachen.sachsen@kreis-gr.de Unser Team Unser Sprechzeiten Montag bis Donnerstag, 09:00 &#8211; 14:00 Uhr","og_url":"https:\/\/www.nachbarsprachen-sachsen.eu\/lana\/blog\/kontakt","og_site_name":"Blog der S\u00e4chsischen Landesstelle f\u00fcr nachbarsprachige Bildung","article_modified_time":"2026-02-13T14:38:10+00:00","twitter_card":"summary_large_image","twitter_misc":{"Gesch\u00e4tzte Lesezeit":"1\u00a0Minute"},"schema":{"@context":"https:\/\/schema.org","@graph":[{"@type":"WebPage","@id":"https:\/\/www.nachbarsprachen-sachsen.eu\/lana\/blog\/kontakt","url":"https:\/\/www.nachbarsprachen-sachsen.eu\/lana\/blog\/kontakt","name":"Kontakt - Blog der S\u00e4chsischen Landesstelle f\u00fcr nachbarsprachige Bildung","isPartOf":{"@id":"https:\/\/www.nachbarsprachen-sachsen.eu\/lana\/blog\/#website"},"datePublished":"2015-03-16T13:39:51+00:00","dateModified":"2026-02-13T14:38:10+00:00","breadcrumb":{"@id":"https:\/\/www.nachbarsprachen-sachsen.eu\/lana\/blog\/kontakt#breadcrumb"},"inLanguage":"de","potentialAction":[{"@type":"ReadAction","target":["https:\/\/www.nachbarsprachen-sachsen.eu\/lana\/blog\/kontakt"]}]},{"@type":"BreadcrumbList","@id":"https:\/\/www.nachbarsprachen-sachsen.eu\/lana\/blog\/kontakt#breadcrumb","itemListElement":[{"@type":"ListItem","position":1,"name":"Startseite","item":"https:\/\/www.nachbarsprachen-sachsen.eu\/lana\/blog"},{"@type":"ListItem","position":2,"name":"Kontakt"}]},{"@type":"WebSite","@id":"https:\/\/www.nachbarsprachen-sachsen.eu\/lana\/blog\/#website","url":"https:\/\/www.nachbarsprachen-sachsen.eu\/lana\/blog\/","name":"Blog der S\u00e4chsischen Landesstelle f\u00fcr nachbarsprachige Bildung","description":"Nachbarsprache von Anfang an!","potentialAction":[{"@type":"SearchAction","target":{"@type":"EntryPoint","urlTemplate":"https:\/\/www.nachbarsprachen-sachsen.eu\/lana\/blog\/?s={search_term_string}"},"query-input":{"@type":"PropertyValueSpecification","valueRequired":true,"valueName":"search_term_string"}}],"inLanguage":"de"}]}},"_links":{"self":[{"href":"https:\/\/www.nachbarsprachen-sachsen.eu\/lana\/blog\/wp-json\/wp\/v2\/pages\/39","targetHints":{"allow":["GET"]}}],"collection":[{"href":"https:\/\/www.nachbarsprachen-sachsen.eu\/lana\/blog\/wp-json\/wp\/v2\/pages"}],"about":[{"href":"https:\/\/www.nachbarsprachen-sachsen.eu\/lana\/blog\/wp-json\/wp\/v2\/types\/page"}],"author":[{"embeddable":true,"href":"https:\/\/www.nachbarsprachen-sachsen.eu\/lana\/blog\/wp-json\/wp\/v2\/users\/1"}],"replies":[{"embeddable":true,"href":"https:\/\/www.nachbarsprachen-sachsen.eu\/lana\/blog\/wp-json\/wp\/v2\/comments?post=39"}],"version-history":[{"count":5,"href":"https:\/\/www.nachbarsprachen-sachsen.eu\/lana\/blog\/wp-json\/wp\/v2\/pages\/39\/revisions"}],"predecessor-version":[{"id":9861,"href":"https:\/\/www.nachbarsprachen-sachsen.eu\/lana\/blog\/wp-json\/wp\/v2\/pages\/39\/revisions\/9861"}],"wp:attachment":[{"href":"https:\/\/www.nachbarsprachen-sachsen.eu\/lana\/blog\/wp-json\/wp\/v2\/media?parent=39"}],"curies":[{"name":"wp","href":"https:\/\/api.w.org\/{rel}","templated":true}]}}