{"id":37,"date":"2015-03-16T14:38:22","date_gmt":"2015-03-16T13:38:22","guid":{"rendered":"https:\/\/www.nachbarsprachen-sachsen.eu\/blog\/?page_id=37"},"modified":"2026-02-05T10:03:36","modified_gmt":"2026-02-05T09:03:36","slug":"ueber-lana","status":"publish","type":"page","link":"https:\/\/www.nachbarsprachen-sachsen.eu\/lana\/blog\/ueber-lana","title":{"rendered":"\u00dcber LaNa"},"content":{"rendered":"<p>Die S\u00e4chsische Landesstelle f\u00fcr nachbarsprachige Bildung (LaNa) wurde im September 2014 mit Sitz im Landkreis G\u00f6rlitz eingerichtet.<\/p>\n<p>Bis 2022 arbeiteten wir in Abstimmung mit dem S\u00e4chsischen Staatsministerium f\u00fcr Kultus. Unser Hauptfokus lag dabei auf der fachlichen Unterst\u00fctzung und Begleitung von Kitas im gesamten s\u00e4chsischen Grenzraum bei der fr\u00fchzeitigen Heranf\u00fchrung der Kinder an Sprache und Kultur unserer Nachbarl\u00e4nder Polen und Tschechien.<\/p>\n<p>Ab 2023 f\u00fchrten wir unsere Arbeit\u00a0<a id=\"rtelink_6401b361af294\" class=\"rte-plugin \" title=\"Medienservice Sachsen\" href=\"https:\/\/www.medienservice.sachsen.de\/medien\/news\/1062722\" target=\"_blank\" rel=\"noopener\" data-fileuid=\"\">im Auftrag des S\u00e4chsischen Staatsministeriums f\u00fcr Justiz und Demokratie, Europa und Gleichstellung<\/a>\u00a0\u00a0und in erweitertem Kontext der Europabildung und des Lebenslangen Lernens fort. Seit 2025 bearbeiten wir diese Themen im Auftrag der\u00a0<a id=\"rtelink_686b8ca132a03\" class=\"rte-plugin \" href=\"https:\/\/www.sk.sachsen.de\/index.html\" target=\"_blank\" rel=\"noopener\" data-fileuid=\"\">S\u00e4chsischen Staatskanzlei.<\/a> 2026 ging die Tr\u00e4gerschaft der LaNa an die\u00a0<a id=\"rtelink_69834c41b719f\" class=\"rte-plugin \" title=\"Homepage IBZ\" href=\"https:\/\/www.ibz-marienthal.de\/\" target=\"_blank\" rel=\"noopener\" data-fileuid=\"\">Stiftung Internationales Begegnungszentrum St. Marienthal<\/a>\u00a0\u00fcber.<\/p>\n<p>Inzwischen blickt die LaNa auf \u00fcber 10 erfolgreiche Jahre und in diesem Zusammenhang auf die Weiterentwicklung des Themas \u201eNachbarsprache von Anfang\u201c zur\u00fcck.<\/p>\n<p>Wir verstehen uns als Schnittstelle zur sachsenweiten Vernetzung aller f\u00fcr die nachbarsprachige Bildung relevanten Akteure aus Wissenschaft, Praxis, Politik und Verwaltung. Ebenso sind wir Ansprechpartnerin f\u00fcr alle, die sich daf\u00fcr engagieren (wollen), die nachbarsprachige Bildung und das interkulturelle Miteinander der Menschen im s\u00e4chsisch-polnischen und s\u00e4chsisch-tschechischen Grenzraum \u2013 beginnend in der Kita und weiterf\u00fchrend in allen Bereichen des gesellschaftlichen Lebens \u2013 zu st\u00e4rken.<\/p>\n<p><a href=\"https:\/\/www.nachbarsprachen-sachsen.eu\/de\/kontakt.html\" target=\"_blank\" rel=\"noopener\"><strong>Sprechen Sie uns gern an!<\/strong><\/a><\/p>\n<div id=\"acc-item-6401b37712236\" class=\"acc-content\">\n<p><span style=\"font-size: revert; color: initial;\">Mehr Informationen:<\/span><\/p>\n<\/div>\n<p dir=\"ltr\" align=\"left\"><a href=\"https:\/\/www.nachbarsprachen-sachsen.eu\/de\/index.html\" target=\"_blank\" rel=\"noopener\">www.nachbarsprachen-sachsen.eu<\/a><\/p>\n","protected":false},"excerpt":{"rendered":"<p>Die S\u00e4chsische Landesstelle f\u00fcr nachbarsprachige Bildung (LaNa) wurde im September 2014 mit Sitz im Landkreis G\u00f6rlitz eingerichtet. Bis 2022 arbeiteten wir in Abstimmung mit dem S\u00e4chsischen Staatsministerium f\u00fcr Kultus. Unser Hauptfokus lag dabei auf der fachlichen Unterst\u00fctzung und Begleitung von Kitas im gesamten s\u00e4chsischen Grenzraum bei der fr\u00fchzeitigen Heranf\u00fchrung der Kinder an Sprache und Kultur &hellip; <a href=\"https:\/\/www.nachbarsprachen-sachsen.eu\/lana\/blog\/ueber-lana\" class=\"more-link\"><span class=\"screen-reader-text\">\u00dcber LaNa<\/span> weiterlesen<\/a><\/p>\n","protected":false},"author":1,"featured_media":0,"parent":0,"menu_order":0,"comment_status":"open","ping_status":"open","template":"","meta":{"footnotes":""},"class_list":["post-37","page","type-page","status-publish","hentry"],"yoast_head":"<!-- This site is optimized with the Yoast SEO plugin v26.9 - https:\/\/yoast.com\/product\/yoast-seo-wordpress\/ -->\n<title>\u00dcber LaNa - Blog der S\u00e4chsischen Landesstelle f\u00fcr nachbarsprachige Bildung<\/title>\n<meta name=\"robots\" content=\"index, follow, max-snippet:-1, max-image-preview:large, max-video-preview:-1\" \/>\n<link rel=\"canonical\" href=\"https:\/\/www.nachbarsprachen-sachsen.eu\/lana\/blog\/ueber-lana\" \/>\n<meta property=\"og:locale\" content=\"de_DE\" \/>\n<meta property=\"og:type\" content=\"article\" \/>\n<meta property=\"og:title\" content=\"\u00dcber LaNa - Blog der S\u00e4chsischen Landesstelle f\u00fcr nachbarsprachige Bildung\" \/>\n<meta property=\"og:description\" content=\"Die S\u00e4chsische Landesstelle f\u00fcr nachbarsprachige Bildung (LaNa) wurde im September 2014 mit Sitz im Landkreis G\u00f6rlitz eingerichtet. Bis 2022 arbeiteten wir in Abstimmung mit dem S\u00e4chsischen Staatsministerium f\u00fcr Kultus. Unser Hauptfokus lag dabei auf der fachlichen Unterst\u00fctzung und Begleitung von Kitas im gesamten s\u00e4chsischen Grenzraum bei der fr\u00fchzeitigen Heranf\u00fchrung der Kinder an Sprache und Kultur &hellip; \u00dcber LaNa weiterlesen\" \/>\n<meta property=\"og:url\" content=\"https:\/\/www.nachbarsprachen-sachsen.eu\/lana\/blog\/ueber-lana\" \/>\n<meta property=\"og:site_name\" content=\"Blog der S\u00e4chsischen Landesstelle f\u00fcr nachbarsprachige Bildung\" \/>\n<meta property=\"article:modified_time\" content=\"2026-02-05T09:03:36+00:00\" \/>\n<meta name=\"twitter:card\" content=\"summary_large_image\" \/>\n<meta name=\"twitter:label1\" content=\"Gesch\u00e4tzte Lesezeit\" \/>\n\t<meta name=\"twitter:data1\" content=\"2\u00a0Minuten\" \/>\n<script type=\"application\/ld+json\" class=\"yoast-schema-graph\">{\"@context\":\"https:\/\/schema.org\",\"@graph\":[{\"@type\":\"WebPage\",\"@id\":\"https:\/\/www.nachbarsprachen-sachsen.eu\/lana\/blog\/ueber-lana\",\"url\":\"https:\/\/www.nachbarsprachen-sachsen.eu\/lana\/blog\/ueber-lana\",\"name\":\"\u00dcber LaNa - Blog der S\u00e4chsischen Landesstelle f\u00fcr nachbarsprachige Bildung\",\"isPartOf\":{\"@id\":\"https:\/\/www.nachbarsprachen-sachsen.eu\/lana\/blog\/#website\"},\"datePublished\":\"2015-03-16T13:38:22+00:00\",\"dateModified\":\"2026-02-05T09:03:36+00:00\",\"breadcrumb\":{\"@id\":\"https:\/\/www.nachbarsprachen-sachsen.eu\/lana\/blog\/ueber-lana#breadcrumb\"},\"inLanguage\":\"de\",\"potentialAction\":[{\"@type\":\"ReadAction\",\"target\":[\"https:\/\/www.nachbarsprachen-sachsen.eu\/lana\/blog\/ueber-lana\"]}]},{\"@type\":\"BreadcrumbList\",\"@id\":\"https:\/\/www.nachbarsprachen-sachsen.eu\/lana\/blog\/ueber-lana#breadcrumb\",\"itemListElement\":[{\"@type\":\"ListItem\",\"position\":1,\"name\":\"Startseite\",\"item\":\"https:\/\/www.nachbarsprachen-sachsen.eu\/lana\/blog\"},{\"@type\":\"ListItem\",\"position\":2,\"name\":\"\u00dcber LaNa\"}]},{\"@type\":\"WebSite\",\"@id\":\"https:\/\/www.nachbarsprachen-sachsen.eu\/lana\/blog\/#website\",\"url\":\"https:\/\/www.nachbarsprachen-sachsen.eu\/lana\/blog\/\",\"name\":\"Blog der S\u00e4chsischen Landesstelle f\u00fcr nachbarsprachige Bildung\",\"description\":\"Nachbarsprache von Anfang an!\",\"potentialAction\":[{\"@type\":\"SearchAction\",\"target\":{\"@type\":\"EntryPoint\",\"urlTemplate\":\"https:\/\/www.nachbarsprachen-sachsen.eu\/lana\/blog\/?s={search_term_string}\"},\"query-input\":{\"@type\":\"PropertyValueSpecification\",\"valueRequired\":true,\"valueName\":\"search_term_string\"}}],\"inLanguage\":\"de\"}]}<\/script>\n<!-- \/ Yoast SEO plugin. -->","yoast_head_json":{"title":"\u00dcber LaNa - Blog der S\u00e4chsischen Landesstelle f\u00fcr nachbarsprachige Bildung","robots":{"index":"index","follow":"follow","max-snippet":"max-snippet:-1","max-image-preview":"max-image-preview:large","max-video-preview":"max-video-preview:-1"},"canonical":"https:\/\/www.nachbarsprachen-sachsen.eu\/lana\/blog\/ueber-lana","og_locale":"de_DE","og_type":"article","og_title":"\u00dcber LaNa - Blog der S\u00e4chsischen Landesstelle f\u00fcr nachbarsprachige Bildung","og_description":"Die S\u00e4chsische Landesstelle f\u00fcr nachbarsprachige Bildung (LaNa) wurde im September 2014 mit Sitz im Landkreis G\u00f6rlitz eingerichtet. Bis 2022 arbeiteten wir in Abstimmung mit dem S\u00e4chsischen Staatsministerium f\u00fcr Kultus. Unser Hauptfokus lag dabei auf der fachlichen Unterst\u00fctzung und Begleitung von Kitas im gesamten s\u00e4chsischen Grenzraum bei der fr\u00fchzeitigen Heranf\u00fchrung der Kinder an Sprache und Kultur &hellip; \u00dcber LaNa weiterlesen","og_url":"https:\/\/www.nachbarsprachen-sachsen.eu\/lana\/blog\/ueber-lana","og_site_name":"Blog der S\u00e4chsischen Landesstelle f\u00fcr nachbarsprachige Bildung","article_modified_time":"2026-02-05T09:03:36+00:00","twitter_card":"summary_large_image","twitter_misc":{"Gesch\u00e4tzte Lesezeit":"2\u00a0Minuten"},"schema":{"@context":"https:\/\/schema.org","@graph":[{"@type":"WebPage","@id":"https:\/\/www.nachbarsprachen-sachsen.eu\/lana\/blog\/ueber-lana","url":"https:\/\/www.nachbarsprachen-sachsen.eu\/lana\/blog\/ueber-lana","name":"\u00dcber LaNa - Blog der S\u00e4chsischen Landesstelle f\u00fcr nachbarsprachige Bildung","isPartOf":{"@id":"https:\/\/www.nachbarsprachen-sachsen.eu\/lana\/blog\/#website"},"datePublished":"2015-03-16T13:38:22+00:00","dateModified":"2026-02-05T09:03:36+00:00","breadcrumb":{"@id":"https:\/\/www.nachbarsprachen-sachsen.eu\/lana\/blog\/ueber-lana#breadcrumb"},"inLanguage":"de","potentialAction":[{"@type":"ReadAction","target":["https:\/\/www.nachbarsprachen-sachsen.eu\/lana\/blog\/ueber-lana"]}]},{"@type":"BreadcrumbList","@id":"https:\/\/www.nachbarsprachen-sachsen.eu\/lana\/blog\/ueber-lana#breadcrumb","itemListElement":[{"@type":"ListItem","position":1,"name":"Startseite","item":"https:\/\/www.nachbarsprachen-sachsen.eu\/lana\/blog"},{"@type":"ListItem","position":2,"name":"\u00dcber LaNa"}]},{"@type":"WebSite","@id":"https:\/\/www.nachbarsprachen-sachsen.eu\/lana\/blog\/#website","url":"https:\/\/www.nachbarsprachen-sachsen.eu\/lana\/blog\/","name":"Blog der S\u00e4chsischen Landesstelle f\u00fcr nachbarsprachige Bildung","description":"Nachbarsprache von Anfang an!","potentialAction":[{"@type":"SearchAction","target":{"@type":"EntryPoint","urlTemplate":"https:\/\/www.nachbarsprachen-sachsen.eu\/lana\/blog\/?s={search_term_string}"},"query-input":{"@type":"PropertyValueSpecification","valueRequired":true,"valueName":"search_term_string"}}],"inLanguage":"de"}]}},"_links":{"self":[{"href":"https:\/\/www.nachbarsprachen-sachsen.eu\/lana\/blog\/wp-json\/wp\/v2\/pages\/37","targetHints":{"allow":["GET"]}}],"collection":[{"href":"https:\/\/www.nachbarsprachen-sachsen.eu\/lana\/blog\/wp-json\/wp\/v2\/pages"}],"about":[{"href":"https:\/\/www.nachbarsprachen-sachsen.eu\/lana\/blog\/wp-json\/wp\/v2\/types\/page"}],"author":[{"embeddable":true,"href":"https:\/\/www.nachbarsprachen-sachsen.eu\/lana\/blog\/wp-json\/wp\/v2\/users\/1"}],"replies":[{"embeddable":true,"href":"https:\/\/www.nachbarsprachen-sachsen.eu\/lana\/blog\/wp-json\/wp\/v2\/comments?post=37"}],"version-history":[{"count":12,"href":"https:\/\/www.nachbarsprachen-sachsen.eu\/lana\/blog\/wp-json\/wp\/v2\/pages\/37\/revisions"}],"predecessor-version":[{"id":9856,"href":"https:\/\/www.nachbarsprachen-sachsen.eu\/lana\/blog\/wp-json\/wp\/v2\/pages\/37\/revisions\/9856"}],"wp:attachment":[{"href":"https:\/\/www.nachbarsprachen-sachsen.eu\/lana\/blog\/wp-json\/wp\/v2\/media?parent=37"}],"curies":[{"name":"wp","href":"https:\/\/api.w.org\/{rel}","templated":true}]}}