{"id":15,"date":"2015-03-09T14:39:43","date_gmt":"2015-03-09T13:39:43","guid":{"rendered":"https:\/\/www.nachbarsprachen-sachsen.eu\/blog\/?page_id=15"},"modified":"2026-02-05T10:02:24","modified_gmt":"2026-02-05T09:02:24","slug":"impressum","status":"publish","type":"page","link":"https:\/\/www.nachbarsprachen-sachsen.eu\/lana\/blog\/impressum","title":{"rendered":"Impressum"},"content":{"rendered":"<p><strong>Herausgeber:<\/strong><\/p>\n<p>Stiftung Internationales Begegnungszentrum St. Marienthal<br \/>\nS\u00e4chsische Landesstelle f\u00fcr nachbarsprachige Bildung<br \/>\nSt. Marienthal 10<br \/>\n02899 Ostritz<br \/>\nTelefon 035823 770<br \/>\nE-Mail:\u00a0<a id=\"link-698349c22627e\" class=\"rte-plugin \" title=\"Verbindung zum eigenen E-Mailprogramm\" href=\"mailto:info@ibz-marienthal.de\" target=\"_blank\" rel=\"noopener\" data-fileuid=\"\">info@ibz-marienthal.de<\/a><br \/>\nInternet:\u00a0<a id=\"rtelink_69832cd47c5d0\" class=\"rte-plugin \" title=\"Homepage IBZ\" href=\"https:\/\/www.nachbarsprachen-sachsen.eu\/info@ibz-marienthal.de\" target=\"_blank\" rel=\"noopener\" data-fileuid=\"\">https:\/\/www.ibz-marienthal.de<\/a><\/p>\n<p>vertreten durch den Vorstandsvorsitzenden Gregor Schaaf-Schuchardt<\/p>\n<p><strong>Redaktion: <\/strong><\/p>\n<p>Anne Bartusiak, Dr. Regina Gellrich (<a href=\"https:\/\/www.nachbarsprachen-sachsen.eu\/de\/ueber-uns.html\" target=\"_blank\" rel=\"noopener\">S\u00e4chsische Landesstelle f\u00fcr nachbarsprachige Bildung<\/a>)<\/p>\n<p>Haftungshinweis: Trotz sorgf\u00e4ltiger inhaltlicher Kontrolle \u00fcbernimmt der Herausgeber keine Haftung f\u00fcr die Inhalte externer Links. F\u00fcr den Inhalt der verlinkten Seiten sind ausschlie\u00dflich deren Betreiber verantwortlich.<\/p>\n<p><strong>Technik:<br \/>\n<\/strong>klinger.MEDIA GmbH<br \/>\nSchliebenstra\u00dfe 18<br \/>\n02625 Bautzen<\/p>\n<p>Telefon: +49 (0)3591 597556<br \/>\nE-Mail: kontakt@klinger-MEDIA.de<br \/>\nInternet: www.klinger-media.de<\/p>\n<p><strong>Haftungsausschluss<\/strong><\/p>\n<p>Der Herausgeber \u00fcbernimmt keinerlei Gew\u00e4hr f\u00fcr die Aktualit\u00e4t, Korrektheit, Vollst\u00e4ndigkeit oder Qualit\u00e4t der bereitgestellten Informationen. Haftungsanspr\u00fcche gegen den Landkreis, welche sich auf Sch\u00e4den materieller oder ideeller Art beziehen, die durch die Nutzung oder Nichtnutzung der dargebotenen Informationen bzw. durch die Nutzung fehlerhafter und unvollst\u00e4ndiger Informationen verursacht wurden, sind grunds\u00e4tzlich ausgeschlossen, sofern seitens des Landkreises kein nachweislich vors\u00e4tzliches oder grob fahrl\u00e4ssiges Verschulden vorliegt.<\/p>\n<p><em>Verweise und Links<br \/>\n<\/em>Bei direkten oder indirekten Verweisen auf fremde Internetseiten (&#8222;Links&#8220;), die au\u00dferhalb des Verantwortungsbereiches des Autors liegen, w\u00fcrde eine Haftungsverpflichtung ausschlie\u00dflich in dem Fall in Kraft treten, in dem der Autor von den Inhalten Kenntnis hat und es ihm technisch m\u00f6glich und zumutbar w\u00e4re, die Nutzung im Falle rechtswidriger Inhalte zu verhindern.<br \/>\nDer Autor erkl\u00e4rt hiermit ausdr\u00fccklich, dass zum Zeitpunkt der Linksetzung keine illegalen Inhalte auf den zu verlinkenden Seiten erkennbar waren. Auf die aktuelle und zuk\u00fcnftige Gestaltung, die Inhalte oder die Urheberschaft der gelinkten\/verkn\u00fcpften Seiten hat der Autor keinerlei Einfluss. Deshalb distanziert er sich hiermit ausdr\u00fccklich von allen Inhalten aller gelinkten\/verkn\u00fcpften Seiten, die nach der Linksetzung ver\u00e4ndert wurden. Diese Feststellung gilt f\u00fcr alle innerhalb des eigenen Internetangebotes gesetzten Links und Verweise sowie f\u00fcr Fremdeintr\u00e4ge in vom Autor eingerichteten G\u00e4steb\u00fcchern, Diskussionsforen und Mailinglisten. F\u00fcr illegale, fehlerhafte oder unvollst\u00e4ndige Inhalte und insbesondere f\u00fcr Sch\u00e4den, die aus der Nutzung oder Nichtnutzung solcherart dargebotener Informationen entstehen, haftet allein der Anbieter der Seite, auf welche verwiesen wurde, nicht derjenige, der \u00fcber Links auf die jeweilige Ver\u00f6ffentlichung lediglich verweist.<\/p>\n<p><strong>Copyright<br \/>\n<\/strong><br \/>\nDie \u00fcber das Internetangebot <em>Blog der S\u00e4chsischen Landesstelle f\u00fcr nachbarsprachige Bildung<\/em> ver\u00f6ffentlichten Inhalte, der Aufbau und das Design des Mediums sind, soweit dies nicht ausdr\u00fccklich anders vermerkt ist, sind Eigentum des Herausgebers und d\u00fcrfen ohne dessen vorherige schriftliche Zustimmung nicht f\u00fcr \u00f6ffentliche oder gewerbliche Zwecke vervielf\u00e4ltigt, ver\u00e4ndert, \u00fcbertragen, wiederverwendet, neu bereitgestellt, verwertet oder auf sonstige Weise benutzt werden. Es gelten die gesetzlichen Copyright-Bestimmungen.<\/p>\n<p>Im Informationsangebot des Landkreis G\u00f6rlitz k\u00f6nnen Cookies\u00a0 verwendet werden. Die Verwendung dieser Funktionalit\u00e4ten kann durch Einstellungen des Browserprogramms vom jeweiligen Nutzer ausgeschaltet werden, was jedoch zu einer eingeschr\u00e4nkten Nutzung f\u00fchrt\u00a0.<\/p>\n","protected":false},"excerpt":{"rendered":"<p>Herausgeber: Stiftung Internationales Begegnungszentrum St. Marienthal S\u00e4chsische Landesstelle f\u00fcr nachbarsprachige Bildung St. Marienthal 10 02899 Ostritz Telefon 035823 770 E-Mail:\u00a0info@ibz-marienthal.de Internet:\u00a0https:\/\/www.ibz-marienthal.de vertreten durch den Vorstandsvorsitzenden Gregor Schaaf-Schuchardt Redaktion: Anne Bartusiak, Dr. Regina Gellrich (S\u00e4chsische Landesstelle f\u00fcr nachbarsprachige Bildung) Haftungshinweis: Trotz sorgf\u00e4ltiger inhaltlicher Kontrolle \u00fcbernimmt der Herausgeber keine Haftung f\u00fcr die Inhalte externer Links. F\u00fcr den &hellip; <a href=\"https:\/\/www.nachbarsprachen-sachsen.eu\/lana\/blog\/impressum\" class=\"more-link\"><span class=\"screen-reader-text\">Impressum<\/span> weiterlesen<\/a><\/p>\n","protected":false},"author":1,"featured_media":0,"parent":0,"menu_order":0,"comment_status":"open","ping_status":"open","template":"","meta":{"footnotes":""},"class_list":["post-15","page","type-page","status-publish","hentry"],"yoast_head":"<!-- This site is optimized with the Yoast SEO plugin v26.9 - https:\/\/yoast.com\/product\/yoast-seo-wordpress\/ -->\n<title>Impressum - Blog der S\u00e4chsischen Landesstelle f\u00fcr nachbarsprachige Bildung<\/title>\n<meta name=\"robots\" content=\"index, follow, max-snippet:-1, max-image-preview:large, max-video-preview:-1\" \/>\n<link rel=\"canonical\" href=\"https:\/\/www.nachbarsprachen-sachsen.eu\/lana\/blog\/impressum\" \/>\n<meta property=\"og:locale\" content=\"de_DE\" \/>\n<meta property=\"og:type\" content=\"article\" \/>\n<meta property=\"og:title\" content=\"Impressum - Blog der S\u00e4chsischen Landesstelle f\u00fcr nachbarsprachige Bildung\" \/>\n<meta property=\"og:description\" content=\"Herausgeber: Stiftung Internationales Begegnungszentrum St. Marienthal S\u00e4chsische Landesstelle f\u00fcr nachbarsprachige Bildung St. Marienthal 10 02899 Ostritz Telefon 035823 770 E-Mail:\u00a0info@ibz-marienthal.de Internet:\u00a0https:\/\/www.ibz-marienthal.de vertreten durch den Vorstandsvorsitzenden Gregor Schaaf-Schuchardt Redaktion: Anne Bartusiak, Dr. Regina Gellrich (S\u00e4chsische Landesstelle f\u00fcr nachbarsprachige Bildung) Haftungshinweis: Trotz sorgf\u00e4ltiger inhaltlicher Kontrolle \u00fcbernimmt der Herausgeber keine Haftung f\u00fcr die Inhalte externer Links. F\u00fcr den &hellip; Impressum weiterlesen\" \/>\n<meta property=\"og:url\" content=\"https:\/\/www.nachbarsprachen-sachsen.eu\/lana\/blog\/impressum\" \/>\n<meta property=\"og:site_name\" content=\"Blog der S\u00e4chsischen Landesstelle f\u00fcr nachbarsprachige Bildung\" \/>\n<meta property=\"article:modified_time\" content=\"2026-02-05T09:02:24+00:00\" \/>\n<meta name=\"twitter:card\" content=\"summary_large_image\" \/>\n<meta name=\"twitter:label1\" content=\"Gesch\u00e4tzte Lesezeit\" \/>\n\t<meta name=\"twitter:data1\" content=\"3\u00a0Minuten\" \/>\n<script type=\"application\/ld+json\" class=\"yoast-schema-graph\">{\"@context\":\"https:\/\/schema.org\",\"@graph\":[{\"@type\":\"WebPage\",\"@id\":\"https:\/\/www.nachbarsprachen-sachsen.eu\/lana\/blog\/impressum\",\"url\":\"https:\/\/www.nachbarsprachen-sachsen.eu\/lana\/blog\/impressum\",\"name\":\"Impressum - Blog der S\u00e4chsischen Landesstelle f\u00fcr nachbarsprachige Bildung\",\"isPartOf\":{\"@id\":\"https:\/\/www.nachbarsprachen-sachsen.eu\/lana\/blog\/#website\"},\"datePublished\":\"2015-03-09T13:39:43+00:00\",\"dateModified\":\"2026-02-05T09:02:24+00:00\",\"breadcrumb\":{\"@id\":\"https:\/\/www.nachbarsprachen-sachsen.eu\/lana\/blog\/impressum#breadcrumb\"},\"inLanguage\":\"de\",\"potentialAction\":[{\"@type\":\"ReadAction\",\"target\":[\"https:\/\/www.nachbarsprachen-sachsen.eu\/lana\/blog\/impressum\"]}]},{\"@type\":\"BreadcrumbList\",\"@id\":\"https:\/\/www.nachbarsprachen-sachsen.eu\/lana\/blog\/impressum#breadcrumb\",\"itemListElement\":[{\"@type\":\"ListItem\",\"position\":1,\"name\":\"Startseite\",\"item\":\"https:\/\/www.nachbarsprachen-sachsen.eu\/lana\/blog\"},{\"@type\":\"ListItem\",\"position\":2,\"name\":\"Impressum\"}]},{\"@type\":\"WebSite\",\"@id\":\"https:\/\/www.nachbarsprachen-sachsen.eu\/lana\/blog\/#website\",\"url\":\"https:\/\/www.nachbarsprachen-sachsen.eu\/lana\/blog\/\",\"name\":\"Blog der S\u00e4chsischen Landesstelle f\u00fcr nachbarsprachige Bildung\",\"description\":\"Nachbarsprache von Anfang an!\",\"potentialAction\":[{\"@type\":\"SearchAction\",\"target\":{\"@type\":\"EntryPoint\",\"urlTemplate\":\"https:\/\/www.nachbarsprachen-sachsen.eu\/lana\/blog\/?s={search_term_string}\"},\"query-input\":{\"@type\":\"PropertyValueSpecification\",\"valueRequired\":true,\"valueName\":\"search_term_string\"}}],\"inLanguage\":\"de\"}]}<\/script>\n<!-- \/ Yoast SEO plugin. -->","yoast_head_json":{"title":"Impressum - Blog der S\u00e4chsischen Landesstelle f\u00fcr nachbarsprachige Bildung","robots":{"index":"index","follow":"follow","max-snippet":"max-snippet:-1","max-image-preview":"max-image-preview:large","max-video-preview":"max-video-preview:-1"},"canonical":"https:\/\/www.nachbarsprachen-sachsen.eu\/lana\/blog\/impressum","og_locale":"de_DE","og_type":"article","og_title":"Impressum - Blog der S\u00e4chsischen Landesstelle f\u00fcr nachbarsprachige Bildung","og_description":"Herausgeber: Stiftung Internationales Begegnungszentrum St. Marienthal S\u00e4chsische Landesstelle f\u00fcr nachbarsprachige Bildung St. Marienthal 10 02899 Ostritz Telefon 035823 770 E-Mail:\u00a0info@ibz-marienthal.de Internet:\u00a0https:\/\/www.ibz-marienthal.de vertreten durch den Vorstandsvorsitzenden Gregor Schaaf-Schuchardt Redaktion: Anne Bartusiak, Dr. Regina Gellrich (S\u00e4chsische Landesstelle f\u00fcr nachbarsprachige Bildung) Haftungshinweis: Trotz sorgf\u00e4ltiger inhaltlicher Kontrolle \u00fcbernimmt der Herausgeber keine Haftung f\u00fcr die Inhalte externer Links. F\u00fcr den &hellip; Impressum weiterlesen","og_url":"https:\/\/www.nachbarsprachen-sachsen.eu\/lana\/blog\/impressum","og_site_name":"Blog der S\u00e4chsischen Landesstelle f\u00fcr nachbarsprachige Bildung","article_modified_time":"2026-02-05T09:02:24+00:00","twitter_card":"summary_large_image","twitter_misc":{"Gesch\u00e4tzte Lesezeit":"3\u00a0Minuten"},"schema":{"@context":"https:\/\/schema.org","@graph":[{"@type":"WebPage","@id":"https:\/\/www.nachbarsprachen-sachsen.eu\/lana\/blog\/impressum","url":"https:\/\/www.nachbarsprachen-sachsen.eu\/lana\/blog\/impressum","name":"Impressum - Blog der S\u00e4chsischen Landesstelle f\u00fcr nachbarsprachige Bildung","isPartOf":{"@id":"https:\/\/www.nachbarsprachen-sachsen.eu\/lana\/blog\/#website"},"datePublished":"2015-03-09T13:39:43+00:00","dateModified":"2026-02-05T09:02:24+00:00","breadcrumb":{"@id":"https:\/\/www.nachbarsprachen-sachsen.eu\/lana\/blog\/impressum#breadcrumb"},"inLanguage":"de","potentialAction":[{"@type":"ReadAction","target":["https:\/\/www.nachbarsprachen-sachsen.eu\/lana\/blog\/impressum"]}]},{"@type":"BreadcrumbList","@id":"https:\/\/www.nachbarsprachen-sachsen.eu\/lana\/blog\/impressum#breadcrumb","itemListElement":[{"@type":"ListItem","position":1,"name":"Startseite","item":"https:\/\/www.nachbarsprachen-sachsen.eu\/lana\/blog"},{"@type":"ListItem","position":2,"name":"Impressum"}]},{"@type":"WebSite","@id":"https:\/\/www.nachbarsprachen-sachsen.eu\/lana\/blog\/#website","url":"https:\/\/www.nachbarsprachen-sachsen.eu\/lana\/blog\/","name":"Blog der S\u00e4chsischen Landesstelle f\u00fcr nachbarsprachige Bildung","description":"Nachbarsprache von Anfang an!","potentialAction":[{"@type":"SearchAction","target":{"@type":"EntryPoint","urlTemplate":"https:\/\/www.nachbarsprachen-sachsen.eu\/lana\/blog\/?s={search_term_string}"},"query-input":{"@type":"PropertyValueSpecification","valueRequired":true,"valueName":"search_term_string"}}],"inLanguage":"de"}]}},"_links":{"self":[{"href":"https:\/\/www.nachbarsprachen-sachsen.eu\/lana\/blog\/wp-json\/wp\/v2\/pages\/15","targetHints":{"allow":["GET"]}}],"collection":[{"href":"https:\/\/www.nachbarsprachen-sachsen.eu\/lana\/blog\/wp-json\/wp\/v2\/pages"}],"about":[{"href":"https:\/\/www.nachbarsprachen-sachsen.eu\/lana\/blog\/wp-json\/wp\/v2\/types\/page"}],"author":[{"embeddable":true,"href":"https:\/\/www.nachbarsprachen-sachsen.eu\/lana\/blog\/wp-json\/wp\/v2\/users\/1"}],"replies":[{"embeddable":true,"href":"https:\/\/www.nachbarsprachen-sachsen.eu\/lana\/blog\/wp-json\/wp\/v2\/comments?post=15"}],"version-history":[{"count":8,"href":"https:\/\/www.nachbarsprachen-sachsen.eu\/lana\/blog\/wp-json\/wp\/v2\/pages\/15\/revisions"}],"predecessor-version":[{"id":9855,"href":"https:\/\/www.nachbarsprachen-sachsen.eu\/lana\/blog\/wp-json\/wp\/v2\/pages\/15\/revisions\/9855"}],"wp:attachment":[{"href":"https:\/\/www.nachbarsprachen-sachsen.eu\/lana\/blog\/wp-json\/wp\/v2\/media?parent=15"}],"curies":[{"name":"wp","href":"https:\/\/api.w.org\/{rel}","templated":true}]}}